{"id":39,"date":"2023-01-16T13:14:25","date_gmt":"2023-01-16T13:14:25","guid":{"rendered":"https:\/\/smallshipcruisescroatia.com\/about-us\/"},"modified":"2025-05-16T05:39:37","modified_gmt":"2025-05-16T05:39:37","slug":"acerca-de-nosotros","status":"publish","type":"page","link":"https:\/\/smallshipcruisescroatia.com\/es\/about-us\/","title":{"rendered":"Qui\u00e9nes somos"},"content":{"rendered":"<p>Estamos orgullosos de ser uno de los<strong> empresas de viajes con mayor crecimiento<\/strong> en Europa. Nuestra pasi\u00f3n por explorar nuevos destinos y ofrecer un servicio excelente nos ha ayudado a ganarnos la confianza de viajeros de todo el mundo. Nos comprometemos a proporcionar a nuestros hu\u00e9spedes experiencias inolvidables y recuerdos entra\u00f1ables.<\/p>\n\n\n\n<p>Croacia es un pa\u00eds que adoramos. Su impresionante costa adri\u00e1tica es el <strong>destino perfecto para las vacaciones de verano<\/strong>. Las aguas cristalinas del mar, las pintorescas islas, los encantadores pueblos pesqueros y las bulliciosas ciudades ofrecen un amplio abanico de experiencias para todos los gustos. Tanto si busca aventura como relax, cultura o gastronom\u00eda, Croacia lo tiene todo.<\/p>\n\n\n\n<figure class=\"wp-block-image size-large\"><img loading=\"lazy\" decoding=\"async\" width=\"1024\" height=\"768\" src=\"https:\/\/smallshipcruisescroatia.com\/wp-content\/uploads\/cres-lubenice-beach--1024x768.webp\" alt=\"Playa de Cres lubenice\" class=\"wp-image-346\" srcset=\"https:\/\/smallshipcruisescroatia.com\/wp-content\/uploads\/cres-lubenice-beach--1024x768.webp 1024w, https:\/\/smallshipcruisescroatia.com\/wp-content\/uploads\/cres-lubenice-beach--300x225.webp 300w, https:\/\/smallshipcruisescroatia.com\/wp-content\/uploads\/cres-lubenice-beach--768x576.webp 768w, https:\/\/smallshipcruisescroatia.com\/wp-content\/uploads\/cres-lubenice-beach--1536x1152.webp 1536w, https:\/\/smallshipcruisescroatia.com\/wp-content\/uploads\/cres-lubenice-beach--2048x1536.webp 2048w, https:\/\/smallshipcruisescroatia.com\/wp-content\/uploads\/cres-lubenice-beach--16x12.webp 16w, https:\/\/smallshipcruisescroatia.com\/wp-content\/uploads\/cres-lubenice-beach--scaled.webp 1920w\" sizes=\"auto, (max-width: 1024px) 100vw, 1024px\" \/><\/figure>\n\n\n\n<h2 class=\"wp-block-heading\">Con el apoyo de un equipo de profesionales expertos en viajes<\/h2>\n\n\n\n<p>Nuestro equipo est\u00e1 formado por <strong>personas entusiastas y apasionadas por viajar<\/strong> y explorar nuevos lugares. Creemos que la exploraci\u00f3n es la mejor manera de ampliar nuestros horizontes, conocer nuevas culturas y crear recuerdos para toda la vida. Nuestro principal objetivo es ayudar a los dem\u00e1s a que se diviertan tanto como nosotros y vean la mayor cantidad posible de la diversa belleza del mundo.<\/p>\n\n\n\n<p>Coordinamos toda la log\u00edstica para que nuestros hu\u00e9spedes puedan sentarse, relajarse y disfrutar del viaje. Reservamos su camarote preferido, proporcionamos itinerarios detallados, organizamos visitas guiadas a ciudades y parques nacionales, y ofrecemos servicio de barco con todo incluido y asistencia 24 horas al d\u00eda, 7 d\u00edas a la semana. Nuestros hu\u00e9spedes pueden estar seguros de que est\u00e1n en buenas manos y de que <strong>iremos m\u00e1s all\u00e1 para que su experiencia sea inolvidable<\/strong>.<\/p>\n\n\n\n<p>Nuestros cruceros en peque\u00f1os barcos por Croacia son una forma \u00fanica e \u00edntima de explorar la belleza de la maravillosa costa adri\u00e1tica del pa\u00eds. Nuestro <strong>los barcos son peque\u00f1os y acogedores<\/strong>La capacidad m\u00e1xima es de 40 personas. Esto crea un ambiente agradable y relajado en el que los hu\u00e9spedes pueden hacer nuevos amigos y disfrutar de un servicio personalizado.&nbsp;<\/p>\n\n\n\n<p>Nuestros itinerarios est\u00e1n cuidadosamente dise\u00f1ados para mostrar lo mejor de cada destino, con una mezcla de atracciones culturales, hist\u00f3ricas y naturales. Tambi\u00e9n ofrecemos una amplia gama de actividades opcionales, como kayak, ciclismo y cata de vinos, para quienes deseen a\u00f1adir un toque de aventura a su viaje.<\/p>\n\n\n\n<figure class=\"wp-block-image size-large\"><img loading=\"lazy\" decoding=\"async\" width=\"1024\" height=\"768\" src=\"https:\/\/smallshipcruisescroatia.com\/wp-content\/uploads\/fil--1024x768.webp\" alt=\"Fil\" class=\"wp-image-347\" srcset=\"https:\/\/smallshipcruisescroatia.com\/wp-content\/uploads\/fil--1024x768.webp 1024w, https:\/\/smallshipcruisescroatia.com\/wp-content\/uploads\/fil--300x225.webp 300w, https:\/\/smallshipcruisescroatia.com\/wp-content\/uploads\/fil--768x576.webp 768w, https:\/\/smallshipcruisescroatia.com\/wp-content\/uploads\/fil--1536x1152.webp 1536w, https:\/\/smallshipcruisescroatia.com\/wp-content\/uploads\/fil--2048x1536.webp 2048w, https:\/\/smallshipcruisescroatia.com\/wp-content\/uploads\/fil--16x12.webp 16w, https:\/\/smallshipcruisescroatia.com\/wp-content\/uploads\/fil--scaled.webp 1920w\" sizes=\"auto, (max-width: 1024px) 100vw, 1024px\" \/><\/figure>\n\n\n\n<h2 class=\"wp-block-heading\">Estamos impacientes por darle la bienvenida a nuestra cubierta.<\/h2>\n\n\n\n<p>Le invitamos a comprobar la variedad de nuestros <a href=\"https:\/\/smallshipcruisescroatia.com\/es\/\">peque\u00f1os cruceros en Croacia<\/a> y encuentre el que m\u00e1s le convenga. Tanto si viaja solo, en pareja o con un grupo de amigos, tenemos un crucero que se adaptar\u00e1 a sus necesidades.&nbsp;<\/p>\n\n\n\n<p>Y cuando sientas que empiezas a formarte una idea de c\u00f3mo quieres que sean tus vacaciones, <a href=\"https:\/\/smallshipcruisescroatia.com\/es\/consulta\/\">rellene nuestro formulario<\/a>y deje que nosotros nos encarguemos del resto.<\/p>\n\n\n\n<p>Si cree que nuestros servicios no son lo suyo, puede consultar a nuestros socios, cada uno de los cuales ofrece unas vacaciones inolvidables en el mar de Croacia:<\/p>\n\n\n\n<ul class=\"wp-block-list\">\n<li><a href=\"https:\/\/croatiaislandcruises.com\/\">Cruceros por las islas de Croacia<\/a><\/li>\n\n\n\n<li><a href=\"https:\/\/luxuryyachtchartercroatia.com\/\">Alquiler Barcos De Lujo Croacia<\/a><\/li>\n\n\n\n<li><a href=\"https:\/\/croatia-gulet.com\/\">Goleta Croacia<\/a><\/li>\n\n\n\n<li><a href=\"https:\/\/bikeandboatcroatia.com\/\">Bicicleta y barco Croacia<\/a><\/li>\n<\/ul>\n\n\n\n<p>Adem\u00e1s, hay otras formas de disfrutar de Croacia, as\u00ed que tambi\u00e9n puedes consultarlas:<\/p>\n\n\n\n<ul class=\"wp-block-list\">\n<li><a href=\"https:\/\/croatia-tours.com\/\">Viajes a Croacia<\/a><\/li>\n\n\n\n<li><a href=\"https:\/\/activityholidayscroatia.com\/\">Vacaciones activas en Croacia<\/a><\/li>\n\n\n\n<li><a href=\"https:\/\/familyholidayscroatia.com\/\">Vacaciones en familia en Croacia<\/a><\/li>\n<\/ul>","protected":false},"excerpt":{"rendered":"<p>Estamos orgullosos de ser una de las empresas de viajes de m\u00e1s r\u00e1pido crecimiento en Europa. Nuestra pasi\u00f3n por explorar nuevos destinos y ofrecer un servicio excelente nos ha ayudado a ganarnos la confianza de viajeros de todo el mundo. Nos comprometemos a proporcionar a nuestros hu\u00e9spedes experiencias inolvidables y recuerdos entra\u00f1ables. Croacia es un pa\u00eds que adoramos. Su impresionante ... <a href=\"https:\/\/smallshipcruisescroatia.com\/es\/about-us\/\">Contin\u00faa en<\/a><\/p>","protected":false},"author":37,"featured_media":345,"parent":0,"menu_order":0,"comment_status":"open","ping_status":"open","template":"","meta":{"footnotes":""},"class_list":["post-39","page","type-page","status-publish","has-post-thumbnail","hentry"],"acf":{"page_subheading":"Before embarking on your journey across the Croatian archipelago, learn more about the team behind making your experience unique and unforgettable."},"_links":{"self":[{"href":"https:\/\/smallshipcruisescroatia.com\/es\/wp-json\/wp\/v2\/pages\/39","targetHints":{"allow":["GET"]}}],"collection":[{"href":"https:\/\/smallshipcruisescroatia.com\/es\/wp-json\/wp\/v2\/pages"}],"about":[{"href":"https:\/\/smallshipcruisescroatia.com\/es\/wp-json\/wp\/v2\/types\/page"}],"author":[{"embeddable":true,"href":"https:\/\/smallshipcruisescroatia.com\/es\/wp-json\/wp\/v2\/users\/37"}],"replies":[{"embeddable":true,"href":"https:\/\/smallshipcruisescroatia.com\/es\/wp-json\/wp\/v2\/comments?post=39"}],"version-history":[{"count":13,"href":"https:\/\/smallshipcruisescroatia.com\/es\/wp-json\/wp\/v2\/pages\/39\/revisions"}],"predecessor-version":[{"id":14095,"href":"https:\/\/smallshipcruisescroatia.com\/es\/wp-json\/wp\/v2\/pages\/39\/revisions\/14095"}],"wp:featuredmedia":[{"embeddable":true,"href":"https:\/\/smallshipcruisescroatia.com\/es\/wp-json\/wp\/v2\/media\/345"}],"wp:attachment":[{"href":"https:\/\/smallshipcruisescroatia.com\/es\/wp-json\/wp\/v2\/media?parent=39"}],"curies":[{"name":"wp","href":"https:\/\/api.w.org\/{rel}","templated":true}]}}