{"id":39,"date":"2023-01-16T13:14:25","date_gmt":"2023-01-16T13:14:25","guid":{"rendered":"https:\/\/smallshipcruisescroatia.com\/about-us\/"},"modified":"2025-05-16T05:39:37","modified_gmt":"2025-05-16T05:39:37","slug":"a-propos-de-nous","status":"publish","type":"page","link":"https:\/\/smallshipcruisescroatia.com\/fr\/about-us\/","title":{"rendered":"\u00c0 propos de nous"},"content":{"rendered":"<p>Nous sommes fiers d'\u00eatre l'un des<strong> les entreprises de voyage \u00e0 la croissance la plus rapide<\/strong> en Europe. Notre passion pour l'exploration de nouvelles destinations et l'excellence de nos services nous a permis de gagner la confiance des voyageurs du monde entier. Nous nous engageons \u00e0 faire vivre \u00e0 nos clients des exp\u00e9riences inoubliables et \u00e0 leur laisser des souvenirs imp\u00e9rissables.<\/p>\n\n\n\n<p>La Croatie est un pays que nous adorons. Sa superbe c\u00f4te adriatique est le <strong>destination id\u00e9ale pour les vacances d'\u00e9t\u00e9<\/strong>. Les eaux cristallines de la mer, les \u00eeles pittoresques, les charmants villages de p\u00eacheurs et les villes anim\u00e9es offrent un large \u00e9ventail d'exp\u00e9riences qui r\u00e9pondent \u00e0 tous les go\u00fbts. Que vous recherchiez l'aventure, la d\u00e9tente, la culture ou la gastronomie, la Croatie a tout pour vous plaire.<\/p>\n\n\n\n<figure class=\"wp-block-image size-large\"><img loading=\"lazy\" decoding=\"async\" width=\"1024\" height=\"768\" src=\"https:\/\/smallshipcruisescroatia.com\/wp-content\/uploads\/cres-lubenice-beach--1024x768.webp\" alt=\"Cres lubenice beach\" class=\"wp-image-346\" srcset=\"https:\/\/smallshipcruisescroatia.com\/wp-content\/uploads\/cres-lubenice-beach--1024x768.webp 1024w, https:\/\/smallshipcruisescroatia.com\/wp-content\/uploads\/cres-lubenice-beach--300x225.webp 300w, https:\/\/smallshipcruisescroatia.com\/wp-content\/uploads\/cres-lubenice-beach--768x576.webp 768w, https:\/\/smallshipcruisescroatia.com\/wp-content\/uploads\/cres-lubenice-beach--1536x1152.webp 1536w, https:\/\/smallshipcruisescroatia.com\/wp-content\/uploads\/cres-lubenice-beach--2048x1536.webp 2048w, https:\/\/smallshipcruisescroatia.com\/wp-content\/uploads\/cres-lubenice-beach--16x12.webp 16w, https:\/\/smallshipcruisescroatia.com\/wp-content\/uploads\/cres-lubenice-beach--scaled.webp 1920w\" sizes=\"auto, (max-width: 1024px) 100vw, 1024px\" \/><\/figure>\n\n\n\n<h2 class=\"wp-block-heading\">Soutenu par une \u00e9quipe de professionnels du voyage exp\u00e9riment\u00e9s<\/h2>\n\n\n\n<p>Notre \u00e9quipe est compos\u00e9e de <strong>des personnes enthousiastes et passionn\u00e9es par les voyages<\/strong> et d'explorer de nouveaux endroits. Nous pensons que l'exploration est le meilleur moyen d'\u00e9largir nos horizons, de d\u00e9couvrir de nouvelles cultures et de cr\u00e9er des souvenirs pour la vie. Notre principal objectif est d'aider les autres \u00e0 s'amuser autant que nous et \u00e0 d\u00e9couvrir la beaut\u00e9 du monde dans toute sa diversit\u00e9.<\/p>\n\n\n\n<p>Nous coordonnons toute la logistique, afin que nos clients puissent s'asseoir, se d\u00e9tendre et profiter du voyage. Nous r\u00e9servons la cabine de bateau de votre choix, fournissons des itin\u00e9raires d\u00e9taill\u00e9s, organisons des visites guid\u00e9es des villes et des parcs nationaux, et offrons un service de bateau tout compris et une assistance 24 heures sur 24, 7 jours sur 7. Nos clients peuvent \u00eatre assur\u00e9s qu'ils sont entre de bonnes mains et qu'ils peuvent profiter pleinement de leur voyage. <strong>nous nous d\u00e9passerons pour rendre leur exp\u00e9rience inoubliable<\/strong>.<\/p>\n\n\n\n<p>Nos croisi\u00e8res en Croatie \u00e0 bord de petits bateaux sont une fa\u00e7on unique et intime d'explorer la beaut\u00e9 de la merveilleuse c\u00f4te adriatique du pays. Nos croisi\u00e8res <strong>les bateaux sont petits et confortables<\/strong>La salle de r\u00e9union est \u00e9quip\u00e9e d'un syst\u00e8me d'alarme qui ne permet pas d'accueillir plus de 40 personnes \u00e0 la fois. Cela permet de cr\u00e9er une atmosph\u00e8re conviviale et d\u00e9tendue o\u00f9 les clients peuvent se faire de nouveaux amis et b\u00e9n\u00e9ficier d'un service personnalis\u00e9.&nbsp;<\/p>\n\n\n\n<p>Nos itin\u00e9raires sont soigneusement con\u00e7us pour mettre en valeur le meilleur de chaque destination, avec un m\u00e9lange d'attractions culturelles, historiques et naturelles. Nous proposons \u00e9galement un large \u00e9ventail d'activit\u00e9s optionnelles, telles que le kayak, le cyclisme et la d\u00e9gustation de vins, pour ceux qui souhaitent ajouter une touche d'aventure \u00e0 leur voyage.<\/p>\n\n\n\n<figure class=\"wp-block-image size-large\"><img loading=\"lazy\" decoding=\"async\" width=\"1024\" height=\"768\" src=\"https:\/\/smallshipcruisescroatia.com\/wp-content\/uploads\/fil--1024x768.webp\" alt=\"Fil\" class=\"wp-image-347\" srcset=\"https:\/\/smallshipcruisescroatia.com\/wp-content\/uploads\/fil--1024x768.webp 1024w, https:\/\/smallshipcruisescroatia.com\/wp-content\/uploads\/fil--300x225.webp 300w, https:\/\/smallshipcruisescroatia.com\/wp-content\/uploads\/fil--768x576.webp 768w, https:\/\/smallshipcruisescroatia.com\/wp-content\/uploads\/fil--1536x1152.webp 1536w, https:\/\/smallshipcruisescroatia.com\/wp-content\/uploads\/fil--2048x1536.webp 2048w, https:\/\/smallshipcruisescroatia.com\/wp-content\/uploads\/fil--16x12.webp 16w, https:\/\/smallshipcruisescroatia.com\/wp-content\/uploads\/fil--scaled.webp 1920w\" sizes=\"auto, (max-width: 1024px) 100vw, 1024px\" \/><\/figure>\n\n\n\n<h2 class=\"wp-block-heading\">Nous sommes impatients de vous accueillir sur notre pont !<\/h2>\n\n\n\n<p>Nous vous invitons \u00e0 d\u00e9couvrir la vari\u00e9t\u00e9 de nos <a href=\"https:\/\/smallshipcruisescroatia.com\/fr\/\">croisi\u00e8res en petit bateau en Croatie<\/a> et trouver celle qui vous convient le mieux. Que vous voyagiez seul, en couple ou avec un groupe d'amis, nous avons une croisi\u00e8re qui r\u00e9pondra \u00e0 vos besoins.&nbsp;<\/p>\n\n\n\n<p>Et lorsque vous sentez que vous commencez \u00e0 vous faire une id\u00e9e de ce \u00e0 quoi vous voudriez que vos vacances ressemblent, <a href=\"https:\/\/smallshipcruisescroatia.com\/fr\/enquete\/\">remplissez notre formulaire de demande de renseignements<\/a>et laissez-nous nous occuper du reste !<\/p>\n\n\n\n<p>Si nos services ne vous conviennent pas, vous pouvez consulter nos partenaires, qui proposent tous des vacances inoubliables sur la mer de Croatie :<\/p>\n\n\n\n<ul class=\"wp-block-list\">\n<li><a href=\"https:\/\/croatiaislandcruises.com\/\">Croisi\u00e8res sur les \u00eeles de Croatie<\/a><\/li>\n\n\n\n<li><a href=\"https:\/\/luxuryyachtchartercroatia.com\/\">Location de bateaux de luxe en Croatie<\/a><\/li>\n\n\n\n<li><a href=\"https:\/\/croatia-gulet.com\/\">Gulet Croatie<\/a><\/li>\n\n\n\n<li><a href=\"https:\/\/bikeandboatcroatia.com\/\">V\u00e9lo et bateau Croatie<\/a><\/li>\n<\/ul>\n\n\n\n<p>Il existe \u00e9galement d'autres fa\u00e7ons de profiter de la Croatie :<\/p>\n\n\n\n<ul class=\"wp-block-list\">\n<li><a href=\"https:\/\/croatia-tours.com\/\">Voyages en Croatie<\/a><\/li>\n\n\n\n<li><a href=\"https:\/\/activityholidayscroatia.com\/\">Vacances d'activit\u00e9s en Croatie<\/a><\/li>\n\n\n\n<li><a href=\"https:\/\/familyholidayscroatia.com\/\">Vacances en famille en Croatie<\/a><\/li>\n<\/ul>","protected":false},"excerpt":{"rendered":"<p>Nous sommes fiers d'\u00eatre l'une des entreprises de voyage \u00e0 la croissance la plus rapide en Europe. Notre passion pour l'exploration de nouvelles destinations et l'excellence de nos services nous a permis de gagner la confiance des voyageurs du monde entier. Nous nous engageons \u00e0 offrir \u00e0 nos clients des exp\u00e9riences inoubliables et des souvenirs pr\u00e9cieux. La Croatie est un pays que nous adorons. Ses magnifiques ... <a href=\"https:\/\/smallshipcruisescroatia.com\/fr\/about-us\/\">Suite<\/a><\/p>","protected":false},"author":37,"featured_media":345,"parent":0,"menu_order":0,"comment_status":"open","ping_status":"open","template":"","meta":{"footnotes":""},"class_list":["post-39","page","type-page","status-publish","has-post-thumbnail","hentry"],"acf":{"page_subheading":"Before embarking on your journey across the Croatian archipelago, learn more about the team behind making your experience unique and unforgettable."},"_links":{"self":[{"href":"https:\/\/smallshipcruisescroatia.com\/fr\/wp-json\/wp\/v2\/pages\/39","targetHints":{"allow":["GET"]}}],"collection":[{"href":"https:\/\/smallshipcruisescroatia.com\/fr\/wp-json\/wp\/v2\/pages"}],"about":[{"href":"https:\/\/smallshipcruisescroatia.com\/fr\/wp-json\/wp\/v2\/types\/page"}],"author":[{"embeddable":true,"href":"https:\/\/smallshipcruisescroatia.com\/fr\/wp-json\/wp\/v2\/users\/37"}],"replies":[{"embeddable":true,"href":"https:\/\/smallshipcruisescroatia.com\/fr\/wp-json\/wp\/v2\/comments?post=39"}],"version-history":[{"count":13,"href":"https:\/\/smallshipcruisescroatia.com\/fr\/wp-json\/wp\/v2\/pages\/39\/revisions"}],"predecessor-version":[{"id":14095,"href":"https:\/\/smallshipcruisescroatia.com\/fr\/wp-json\/wp\/v2\/pages\/39\/revisions\/14095"}],"wp:featuredmedia":[{"embeddable":true,"href":"https:\/\/smallshipcruisescroatia.com\/fr\/wp-json\/wp\/v2\/media\/345"}],"wp:attachment":[{"href":"https:\/\/smallshipcruisescroatia.com\/fr\/wp-json\/wp\/v2\/media?parent=39"}],"curies":[{"name":"wp","href":"https:\/\/api.w.org\/{rel}","templated":true}]}}